{"id":186,"date":"2013-09-13T18:38:41","date_gmt":"2013-09-13T18:38:41","guid":{"rendered":"http:\/\/www.almasibalazs.hu\/?page_id=186"},"modified":"2017-11-12T12:54:27","modified_gmt":"2017-11-12T12:54:27","slug":"projektek","status":"publish","type":"page","link":"https:\/\/almasibalazs.hu\/","title":{"rendered":""},"content":{"rendered":"<p>T\u00e1j\u00e9p\u00edt\u00e9szk\u00e9nt, egyetemi oktat\u00f3k\u00e9nt, a hely, s az ifj\u00fa szellemek form\u00e1l\u00e1s\u00e1nak lehet\u0151s\u00e9ge sz\u00e1momra \u00f3ri\u00e1si aj\u00e1nd\u00e9k, de egyben felel\u0151ss\u00e9g is. Hiszem, hogy ebben a folyamatban a m\u0171v\u00e9szetnek helye van.\u2028 Vallom, hogy a megform\u00e1lt t\u00e9rnek maxim\u00e1lisan illeszkednie kell a k\u00f6rnyezet\u00e9hez \u00f6kol\u00f3giailag, \u00f6kon\u00f3miailag \u00e9s funkcion\u00e1lisan egyar\u00e1nt, azonban sosem hi\u00e1nyozhat bel\u0151le a spiritualit\u00e1s, hum\u00e1num vagy m\u0171v\u00e9szet, mely azt\u00e1n megteremti, vagy tov\u00e1bb er\u0151s\u00edti a hely szellem\u00e9t.\u2028 Munk\u00e1imban t\u00f6rekszem arra, hogy teret engedjek a mindenhol ott lapul\u00f3 t\u00f6rt\u00e9netnek, s feler\u0151s\u00edtsem, amit a hely mes\u00e9lni akar nek\u00fcnk. Ennek eszk\u00f6ze a tisztas\u00e1g, s \u2013 paradox m\u00f3don &#8211; egy j\u00f3 \u00e9rtelemben vett eszk\u00f6ztelens\u00e9g, amely azonban nem jelenthet szem\u00e9lytelens\u00e9get. A funkcionalit\u00e1s \u00e9s eszt\u00e9tika \u201esterilit\u00e1s\u00e1ba\u201d igyekszem belesz\u0151ni k\u00e9rd\u00e9seket, gondolatokat, melyek tal\u00e1n seg\u00edtenek kapcsolatot teremteni a Hellyel, s tal\u00e1n ezen kereszt\u00fcl egy kicsit \u00f6nmagunkkal is.<\/p>\n<p>&nbsp;<\/p>\n<p>&nbsp;<\/p>\n","protected":false},"excerpt":{"rendered":"<p>T\u00e1j\u00e9p\u00edt\u00e9szk\u00e9nt, egyetemi oktat\u00f3k\u00e9nt, a hely, s az ifj\u00fa szellemek form\u00e1l\u00e1s\u00e1nak lehet\u0151s\u00e9ge sz\u00e1momra \u00f3ri\u00e1si aj\u00e1nd\u00e9k, de egyben felel\u0151ss\u00e9g is. Hiszem, hogy ebben a folyamatban a m\u0171v\u00e9szetnek helye van.\u2028 Vallom, hogy a megform\u00e1lt t\u00e9rnek maxim\u00e1lisan illeszkednie kell a k\u00f6rnyezet\u00e9hez \u00f6kol\u00f3giailag, \u00f6kon\u00f3miailag \u00e9s funkcion\u00e1lisan egyar\u00e1nt, azonban sosem hi\u00e1nyozhat bel\u0151le a spiritualit\u00e1s, hum\u00e1num vagy m\u0171v\u00e9szet, mely azt\u00e1n megteremti, vagy &hellip; <\/p>\n<p class=\"link-more\"><a href=\"https:\/\/almasibalazs.hu\/\" class=\"more-link\"><span class=\"screen-reader-text\">&#8222;&#8221;<\/span> b\u0151vebben<\/a><\/p>\n","protected":false},"author":1,"featured_media":0,"parent":0,"menu_order":0,"comment_status":"closed","ping_status":"open","template":"","meta":{"_monsterinsights_skip_tracking":false,"_monsterinsights_sitenote_active":false,"_monsterinsights_sitenote_note":"","_monsterinsights_sitenote_category":0,"footnotes":""},"class_list":["post-186","page","type-page","status-publish","hentry"],"_links":{"self":[{"href":"https:\/\/almasibalazs.hu\/index.php?rest_route=\/wp\/v2\/pages\/186","targetHints":{"allow":["GET"]}}],"collection":[{"href":"https:\/\/almasibalazs.hu\/index.php?rest_route=\/wp\/v2\/pages"}],"about":[{"href":"https:\/\/almasibalazs.hu\/index.php?rest_route=\/wp\/v2\/types\/page"}],"author":[{"embeddable":true,"href":"https:\/\/almasibalazs.hu\/index.php?rest_route=\/wp\/v2\/users\/1"}],"replies":[{"embeddable":true,"href":"https:\/\/almasibalazs.hu\/index.php?rest_route=%2Fwp%2Fv2%2Fcomments&post=186"}],"version-history":[{"count":18,"href":"https:\/\/almasibalazs.hu\/index.php?rest_route=\/wp\/v2\/pages\/186\/revisions"}],"predecessor-version":[{"id":1714,"href":"https:\/\/almasibalazs.hu\/index.php?rest_route=\/wp\/v2\/pages\/186\/revisions\/1714"}],"wp:attachment":[{"href":"https:\/\/almasibalazs.hu\/index.php?rest_route=%2Fwp%2Fv2%2Fmedia&parent=186"}],"curies":[{"name":"wp","href":"https:\/\/api.w.org\/{rel}","templated":true}]}}